

{"id":3913,"date":"2024-06-05T10:24:20","date_gmt":"2024-06-05T10:24:20","guid":{"rendered":"https:\/\/dichavicius.lt\/privatumo-politika\/"},"modified":"2024-09-16T11:56:37","modified_gmt":"2024-09-16T11:56:37","slug":"privacy-policy","status":"publish","type":"page","link":"https:\/\/dichavicius.lt\/en\/privacy-policy\/","title":{"rendered":"Privacy policy"},"content":{"rendered":"\t\t<div data-elementor-type=\"wp-page\" data-elementor-id=\"3913\" class=\"elementor elementor-3913 elementor-3\">\n\t\t\t\t<div class=\"elementor-element elementor-element-855ef4e e-flex e-con-boxed e-con e-parent\" data-id=\"855ef4e\" data-element_type=\"container\">\n\t\t\t\t\t<div class=\"e-con-inner\">\n\t\t\t\t<div class=\"elementor-element elementor-element-2fb0da8b elementor-widget elementor-widget-text-editor\" data-id=\"2fb0da8b\" data-element_type=\"widget\" data-widget_type=\"text-editor.default\">\n\t\t\t\t<div class=\"elementor-widget-container\">\n\t\t\t\t\t\t\t\t\t\n<h2 class=\"wp-block-heading\">Who We Are<\/h2>\n\n\n\n<p>Our website address is: <a href=\"http:\/\/www.dichavicius.lt\">www.dichavicius.lt<\/a>. This is a representative site showcasing photographs and artworks, with plans to implement an online store in the future.<\/p>\n\n\n\n<h2 class=\"wp-block-heading\">What Personal Data We Collect and Why<\/h2>\n\n\n\n<p>If you upload images to the website, you should avoid uploading images with location data (EXIF GPS). Other visitors can extract this data from the images.<\/p>\n\n\n\n<h2 class=\"wp-block-heading\">Cookies<\/h2>\n\n\n\n<p>Our website uses cookies to improve performance, navigation, and access to website features. This includes, for example, login session cookies that we use to remember user login details for security purposes.<\/p>\n\n\n\n<h2 class=\"wp-block-heading\">Your Rights<\/h2>\n\n\n\n<p>If you have an account on this site or have submitted personal data, you can request an export file containing all the data we have collected about you. You can also request that we delete all your personal data. This does not include data we are obliged to keep for administrative, legal, or security purposes.<\/p>\n\n\n\n<h2 class=\"wp-block-heading\">How Long We Retain Your Data<\/h2>\n\n\n\n<p>If you register on our website, we retain your personal data provided during registration until you decide to delete your account. The data is used to improve user experience and fulfill our obligations as a store.<\/p>\n\n\n\n<h2 class=\"wp-block-heading\">Where We Send Your Data<\/h2>\n\n\n\n<p>Your data is kept confidential and is not transferred to third parties unless necessary for order fulfillment, legal requirements, or our legitimate interests, such as security purposes.<\/p>\n\n\n\n<h2 class=\"wp-block-heading\">Contact Information<\/h2>\n\n\n\n<p>If you have any questions or concerns regarding our privacy policy, please contact us by email at: <a href=\"mailto:info@dichavicius.com\">info@dichavicius.com<\/a>.<\/p>\n\n<p>&nbsp;<\/p>\t\t\t\t\t\t\t\t<\/div>\n\t\t\t\t<\/div>\n\t\t\t\t\t<\/div>\n\t\t\t\t<\/div>\n\t\t\t\t<\/div>\n\t\t","protected":false},"excerpt":{"rendered":"<p>Who We Are Our website address is: www.dichavicius.lt. This is a representative site showcasing photographs and artworks, with plans to implement an online store in the future. What Personal Data We Collect and Why If you upload images to the website, you should avoid&#8230; <\/p>\n<div class=\"readmore\"><a href=\"https:\/\/dichavicius.lt\/en\/privacy-policy\/\" class=\"btn-link\">Read more<\/a><\/div>\n","protected":false},"author":1,"featured_media":0,"parent":0,"menu_order":0,"comment_status":"closed","ping_status":"closed","template":"","meta":{"_acf_changed":false,"footnotes":""},"class_list":["post-3913","page","type-page","status-publish","hentry"],"acf":[],"yoast_head":"<!-- This site is optimized with the Yoast SEO plugin v25.2 - https:\/\/yoast.com\/wordpress\/plugins\/seo\/ -->\n<title>Privacy policy - Rimantas Dichavi\u010dius<\/title>\n<meta name=\"robots\" content=\"index, follow, max-snippet:-1, max-image-preview:large, max-video-preview:-1\" \/>\n<link rel=\"canonical\" href=\"https:\/\/dichavicius.lt\/en\/privacy-policy\/\" \/>\n<meta property=\"og:locale\" content=\"en_US\" \/>\n<meta property=\"og:type\" content=\"article\" \/>\n<meta property=\"og:title\" content=\"Privacy policy - Rimantas Dichavi\u010dius\" \/>\n<meta property=\"og:description\" content=\"Who We Are Our website address is: www.dichavicius.lt. This is a representative site showcasing photographs and artworks, with plans to implement an online store in the future. What Personal Data We Collect and Why If you upload images to the website, you should avoid... Read more\" \/>\n<meta property=\"og:url\" content=\"https:\/\/dichavicius.lt\/en\/privacy-policy\/\" \/>\n<meta property=\"og:site_name\" content=\"Rimantas Dichavi\u010dius\" \/>\n<meta property=\"article:publisher\" content=\"https:\/\/www.facebook.com\/rimantas.dichavicius\" \/>\n<meta property=\"article:modified_time\" content=\"2024-09-16T11:56:37+00:00\" \/>\n<meta name=\"twitter:card\" content=\"summary_large_image\" \/>\n<meta name=\"twitter:label1\" content=\"Est. reading time\" \/>\n\t<meta name=\"twitter:data1\" content=\"2 minutes\" \/>\n<script type=\"application\/ld+json\" class=\"yoast-schema-graph\">{\"@context\":\"https:\/\/schema.org\",\"@graph\":[{\"@type\":\"WebPage\",\"@id\":\"https:\/\/dichavicius.lt\/en\/privacy-policy\/\",\"url\":\"https:\/\/dichavicius.lt\/en\/privacy-policy\/\",\"name\":\"Privacy policy - Rimantas Dichavi\u010dius\",\"isPartOf\":{\"@id\":\"https:\/\/dichavicius.lt\/en\/#website\"},\"datePublished\":\"2024-06-05T10:24:20+00:00\",\"dateModified\":\"2024-09-16T11:56:37+00:00\",\"breadcrumb\":{\"@id\":\"https:\/\/dichavicius.lt\/en\/privacy-policy\/#breadcrumb\"},\"inLanguage\":\"en-US\",\"potentialAction\":[{\"@type\":\"ReadAction\",\"target\":[\"https:\/\/dichavicius.lt\/en\/privacy-policy\/\"]}]},{\"@type\":\"BreadcrumbList\",\"@id\":\"https:\/\/dichavicius.lt\/en\/privacy-policy\/#breadcrumb\",\"itemListElement\":[{\"@type\":\"ListItem\",\"position\":1,\"name\":\"Home\",\"item\":\"https:\/\/dichavicius.lt\/en\/\"},{\"@type\":\"ListItem\",\"position\":2,\"name\":\"Privacy policy\"}]},{\"@type\":\"WebSite\",\"@id\":\"https:\/\/dichavicius.lt\/en\/#website\",\"url\":\"https:\/\/dichavicius.lt\/en\/\",\"name\":\"Dichavi\u010dius\",\"description\":\"Rimantas Dichavi\u010dius, dailininakas, fotografas, leid\u0117jas\",\"publisher\":{\"@id\":\"https:\/\/dichavicius.lt\/en\/#\/schema\/person\/6d684b14b369f3c956802f74f5b74342\"},\"potentialAction\":[{\"@type\":\"SearchAction\",\"target\":{\"@type\":\"EntryPoint\",\"urlTemplate\":\"https:\/\/dichavicius.lt\/en\/?s={search_term_string}\"},\"query-input\":{\"@type\":\"PropertyValueSpecification\",\"valueRequired\":true,\"valueName\":\"search_term_string\"}}],\"inLanguage\":\"en-US\"},{\"@type\":[\"Person\",\"Organization\"],\"@id\":\"https:\/\/dichavicius.lt\/en\/#\/schema\/person\/6d684b14b369f3c956802f74f5b74342\",\"name\":\"Rimantas Dichavicius\",\"image\":{\"@type\":\"ImageObject\",\"inLanguage\":\"en-US\",\"@id\":\"https:\/\/dichavicius.lt\/en\/#\/schema\/person\/image\/\",\"url\":\"https:\/\/dichavicius.lt\/wp-content\/uploads\/2024\/07\/2023-06-28_-1-e1721046289528.jpg\",\"contentUrl\":\"https:\/\/dichavicius.lt\/wp-content\/uploads\/2024\/07\/2023-06-28_-1-e1721046289528.jpg\",\"width\":1224,\"height\":1417,\"caption\":\"Rimantas Dichavicius\"},\"logo\":{\"@id\":\"https:\/\/dichavicius.lt\/en\/#\/schema\/person\/image\/\"},\"sameAs\":[\"http:\/\/dichavicius.lt\",\"https:\/\/www.facebook.com\/rimantas.dichavicius\"]}]}<\/script>\n<!-- \/ Yoast SEO plugin. -->","yoast_head_json":{"title":"Privacy policy - Rimantas Dichavi\u010dius","robots":{"index":"index","follow":"follow","max-snippet":"max-snippet:-1","max-image-preview":"max-image-preview:large","max-video-preview":"max-video-preview:-1"},"canonical":"https:\/\/dichavicius.lt\/en\/privacy-policy\/","og_locale":"en_US","og_type":"article","og_title":"Privacy policy - Rimantas Dichavi\u010dius","og_description":"Who We Are Our website address is: www.dichavicius.lt. This is a representative site showcasing photographs and artworks, with plans to implement an online store in the future. What Personal Data We Collect and Why If you upload images to the website, you should avoid... Read more","og_url":"https:\/\/dichavicius.lt\/en\/privacy-policy\/","og_site_name":"Rimantas Dichavi\u010dius","article_publisher":"https:\/\/www.facebook.com\/rimantas.dichavicius","article_modified_time":"2024-09-16T11:56:37+00:00","twitter_card":"summary_large_image","twitter_misc":{"Est. reading time":"2 minutes"},"schema":{"@context":"https:\/\/schema.org","@graph":[{"@type":"WebPage","@id":"https:\/\/dichavicius.lt\/en\/privacy-policy\/","url":"https:\/\/dichavicius.lt\/en\/privacy-policy\/","name":"Privacy policy - Rimantas Dichavi\u010dius","isPartOf":{"@id":"https:\/\/dichavicius.lt\/en\/#website"},"datePublished":"2024-06-05T10:24:20+00:00","dateModified":"2024-09-16T11:56:37+00:00","breadcrumb":{"@id":"https:\/\/dichavicius.lt\/en\/privacy-policy\/#breadcrumb"},"inLanguage":"en-US","potentialAction":[{"@type":"ReadAction","target":["https:\/\/dichavicius.lt\/en\/privacy-policy\/"]}]},{"@type":"BreadcrumbList","@id":"https:\/\/dichavicius.lt\/en\/privacy-policy\/#breadcrumb","itemListElement":[{"@type":"ListItem","position":1,"name":"Home","item":"https:\/\/dichavicius.lt\/en\/"},{"@type":"ListItem","position":2,"name":"Privacy policy"}]},{"@type":"WebSite","@id":"https:\/\/dichavicius.lt\/en\/#website","url":"https:\/\/dichavicius.lt\/en\/","name":"Dichavi\u010dius","description":"Rimantas Dichavi\u010dius, dailininakas, fotografas, leid\u0117jas","publisher":{"@id":"https:\/\/dichavicius.lt\/en\/#\/schema\/person\/6d684b14b369f3c956802f74f5b74342"},"potentialAction":[{"@type":"SearchAction","target":{"@type":"EntryPoint","urlTemplate":"https:\/\/dichavicius.lt\/en\/?s={search_term_string}"},"query-input":{"@type":"PropertyValueSpecification","valueRequired":true,"valueName":"search_term_string"}}],"inLanguage":"en-US"},{"@type":["Person","Organization"],"@id":"https:\/\/dichavicius.lt\/en\/#\/schema\/person\/6d684b14b369f3c956802f74f5b74342","name":"Rimantas Dichavicius","image":{"@type":"ImageObject","inLanguage":"en-US","@id":"https:\/\/dichavicius.lt\/en\/#\/schema\/person\/image\/","url":"https:\/\/dichavicius.lt\/wp-content\/uploads\/2024\/07\/2023-06-28_-1-e1721046289528.jpg","contentUrl":"https:\/\/dichavicius.lt\/wp-content\/uploads\/2024\/07\/2023-06-28_-1-e1721046289528.jpg","width":1224,"height":1417,"caption":"Rimantas Dichavicius"},"logo":{"@id":"https:\/\/dichavicius.lt\/en\/#\/schema\/person\/image\/"},"sameAs":["http:\/\/dichavicius.lt","https:\/\/www.facebook.com\/rimantas.dichavicius"]}]}},"_links":{"self":[{"href":"https:\/\/dichavicius.lt\/en\/wp-json\/wp\/v2\/pages\/3913","targetHints":{"allow":["GET"]}}],"collection":[{"href":"https:\/\/dichavicius.lt\/en\/wp-json\/wp\/v2\/pages"}],"about":[{"href":"https:\/\/dichavicius.lt\/en\/wp-json\/wp\/v2\/types\/page"}],"author":[{"embeddable":true,"href":"https:\/\/dichavicius.lt\/en\/wp-json\/wp\/v2\/users\/1"}],"replies":[{"embeddable":true,"href":"https:\/\/dichavicius.lt\/en\/wp-json\/wp\/v2\/comments?post=3913"}],"version-history":[{"count":5,"href":"https:\/\/dichavicius.lt\/en\/wp-json\/wp\/v2\/pages\/3913\/revisions"}],"predecessor-version":[{"id":3920,"href":"https:\/\/dichavicius.lt\/en\/wp-json\/wp\/v2\/pages\/3913\/revisions\/3920"}],"wp:attachment":[{"href":"https:\/\/dichavicius.lt\/en\/wp-json\/wp\/v2\/media?parent=3913"}],"curies":[{"name":"wp","href":"https:\/\/api.w.org\/{rel}","templated":true}]}}